{"id":1017,"date":"2023-08-13T17:26:24","date_gmt":"2023-08-13T20:26:24","guid":{"rendered":"https:\/\/storiabr.com\/pt\/?page_id=1017"},"modified":"2025-01-12T19:17:53","modified_gmt":"2025-01-12T22:17:53","slug":"arturr","status":"publish","type":"page","link":"https:\/\/storiabr.com\/pt\/arturr\/","title":{"rendered":"Artur"},"content":{"rendered":"\t\t<div data-elementor-type=\"wp-page\" data-elementor-id=\"1017\" class=\"elementor elementor-1017\">\n\t\t\t\t\t\t\t<div class=\"elementor-element elementor-element-6c53bc8 e-flex e-con-boxed e-con\" data-id=\"6c53bc8\" data-element_type=\"container\" data-settings=\"{&quot;content_width&quot;:&quot;boxed&quot;}\">\n\t\t\t\t\t<div class=\"e-con-inner\">\n\t\t\t\t<div class=\"elementor-element elementor-element-f656359 jltma-glass-effect-no elementor-widget elementor-widget-heading\" data-id=\"f656359\" data-element_type=\"widget\" data-widget_type=\"heading.default\">\n\t\t\t\t<div class=\"elementor-widget-container\">\n\t\t\t<style>\/*! elementor - v3.15.0 - 09-08-2023 *\/\n.elementor-heading-title{padding:0;margin:0;line-height:1}.elementor-widget-heading .elementor-heading-title[class*=elementor-size-]>a{color:inherit;font-size:inherit;line-height:inherit}.elementor-widget-heading .elementor-heading-title.elementor-size-small{font-size:15px}.elementor-widget-heading .elementor-heading-title.elementor-size-medium{font-size:19px}.elementor-widget-heading .elementor-heading-title.elementor-size-large{font-size:29px}.elementor-widget-heading .elementor-heading-title.elementor-size-xl{font-size:39px}.elementor-widget-heading .elementor-heading-title.elementor-size-xxl{font-size:59px}<\/style><h2 class=\"elementor-heading-title elementor-size-default\">Artur Angeli<\/h2>\t\t<\/div>\n\t\t\t\t<\/div>\n\t\t\t\t<div class=\"elementor-element elementor-element-8e7dee2 jltma-glass-effect-no elementor-widget elementor-widget-heading\" data-id=\"8e7dee2\" data-element_type=\"widget\" data-widget_type=\"heading.default\">\n\t\t\t\t<div class=\"elementor-widget-container\">\n\t\t\t<h2 class=\"elementor-heading-title elementor-size-default\">Contador de hist\u00f3rias nato. Carioca, boa pra\u00e7a e apaixonado por futebol. Descendente de imigrantes italianos, desde cedo entendeu que a mem\u00f3ria \u00e9 territ\u00f3rio: as hist\u00f3rias contadas pelo seu \u201cnono\u201d o fizeram viajar por outro continente, o continente afetivo. Sua paix\u00e3o pelo audiovisual nasce tamb\u00e9m por inspira\u00e7\u00e3o familiar: seu tio Cezar, bi\u00f3logo e fot\u00f3grafo autodidata registrava com surpreendente sensibilidade o cotidiano da fam\u00edlia italiana que morava em comodato em um casar\u00e3o hist\u00f3rico dentro do Parque da Cidade que fica na G\u00e1vea, no Rio de Janeiro. A c\u00e2mera rolleiflex enquadrou seu passado e seu futuro: feito jornalista pela PUC-RJ, Artur viria a se tornar diretor de cinema e tv com especial interesse em cultura e biografias. Muitas produ\u00e7\u00f5es com o mestre Fernando Barbosa Lima at\u00e9 receber o convite irrecus\u00e1vel do mundo corporativo: filmes publicit\u00e1rios e institucionais para grandes marcas. \n<p>\n<p>\nTrabalhou para as principais produtoras do Rio, mas foi com o amigo cineasta Silvio Tendler que aprendeu a mais que contar, fazer hist\u00f3ria. Abriu sua pr\u00f3pria produtora e encontrou nos document\u00e1rios empresariais, sua oportunidade de investigar a hist\u00f3ria desse pa\u00eds sob a \u00f3tica do empreendedorismo e do trabalho. \u00c9 feliz assim: sendo gentil com quem enquadra em sua c\u00e2mera, entrevistando com alegria e fazendo amigos. O resultado s\u00e3o hist\u00f3rias de verdade, que comovem. Nosso craque rubro-negro. Mais de mil gols...digo, filmes no placar. Joga em diversas posi\u00e7\u00f5es: Diretor Executivo, Diretor de Cria\u00e7\u00e3o, Planejamento Estrat\u00e9gico...tem classe para jogar nas onze, mas prefere o meio-de-campo. Tudo que os clientes\u00a0precisam.<\/h2>\t\t<\/div>\n\t\t\t\t<\/div>\n\t\t\t\t\t<\/div>\n\t\t\t\t<\/div>\n\t\t<div class=\"elementor-element elementor-element-66388d0 e-flex e-con-boxed e-con\" data-id=\"66388d0\" data-element_type=\"container\" data-settings=\"{&quot;content_width&quot;:&quot;boxed&quot;}\">\n\t\t\t\t\t<div class=\"e-con-inner\">\n\t\t\t\t<div class=\"elementor-element elementor-element-e887d13 elementor-align-center jltma-glass-effect-no elementor-widget elementor-widget-button\" data-id=\"e887d13\" data-element_type=\"widget\" data-widget_type=\"button.default\">\n\t\t\t\t<div class=\"elementor-widget-container\">\n\t\t\t\t\t<div class=\"elementor-button-wrapper\">\n\t\t\t<a class=\"elementor-button elementor-button-link elementor-size-sm\" href=\"https:\/\/storiabr.com\/pt\/#time\">\n\t\t\t\t\t\t<span class=\"elementor-button-content-wrapper\">\n\t\t\t\t\t\t<span class=\"elementor-button-text\">voltar<\/span>\n\t\t<\/span>\n\t\t\t\t\t<\/a>\n\t\t<\/div>\n\t\t\t\t<\/div>\n\t\t\t\t<\/div>\n\t\t\t\t\t<\/div>\n\t\t\t\t<\/div>\n\t\t\t\t\t\t\t<\/div>\n\t\t","protected":false},"excerpt":{"rendered":"<p>Artur Angeli Contador de hist\u00f3rias nato. Carioca, boa pra\u00e7a e apaixonado por futebol. Descendente de imigrantes italianos, desde cedo entendeu que a mem\u00f3ria \u00e9 territ\u00f3rio: as hist\u00f3rias contadas pelo seu \u201cnono\u201d o fizeram viajar por outro continente, o continente afetivo. Sua paix\u00e3o pelo audiovisual nasce tamb\u00e9m por inspira\u00e7\u00e3o familiar: seu tio Cezar, bi\u00f3logo e fot\u00f3grafo [&hellip;]<\/p>\n","protected":false},"author":1,"featured_media":0,"parent":0,"menu_order":0,"comment_status":"closed","ping_status":"closed","template":"","meta":{"footnotes":""},"class_list":["post-1017","page","type-page","status-publish","hentry"],"_links":{"self":[{"href":"https:\/\/storiabr.com\/pt\/wp-json\/wp\/v2\/pages\/1017","targetHints":{"allow":["GET"]}}],"collection":[{"href":"https:\/\/storiabr.com\/pt\/wp-json\/wp\/v2\/pages"}],"about":[{"href":"https:\/\/storiabr.com\/pt\/wp-json\/wp\/v2\/types\/page"}],"author":[{"embeddable":true,"href":"https:\/\/storiabr.com\/pt\/wp-json\/wp\/v2\/users\/1"}],"replies":[{"embeddable":true,"href":"https:\/\/storiabr.com\/pt\/wp-json\/wp\/v2\/comments?post=1017"}],"version-history":[{"count":16,"href":"https:\/\/storiabr.com\/pt\/wp-json\/wp\/v2\/pages\/1017\/revisions"}],"predecessor-version":[{"id":1770,"href":"https:\/\/storiabr.com\/pt\/wp-json\/wp\/v2\/pages\/1017\/revisions\/1770"}],"wp:attachment":[{"href":"https:\/\/storiabr.com\/pt\/wp-json\/wp\/v2\/media?parent=1017"}],"curies":[{"name":"wp","href":"https:\/\/api.w.org\/{rel}","templated":true}]}}