{"id":1027,"date":"2023-08-13T17:31:43","date_gmt":"2023-08-13T20:31:43","guid":{"rendered":"https:\/\/storiabr.com\/pt\/?page_id=1027"},"modified":"2025-01-12T17:16:07","modified_gmt":"2025-01-12T20:16:07","slug":"film_production","status":"publish","type":"page","link":"https:\/\/storiabr.com\/pt\/film_production\/","title":{"rendered":"Audiovisual"},"content":{"rendered":"\t\t<div data-elementor-type=\"wp-page\" data-elementor-id=\"1027\" class=\"elementor elementor-1027\">\n\t\t\t\t\t\t\t<div class=\"elementor-element elementor-element-6c53bc8 e-flex e-con-boxed e-con\" data-id=\"6c53bc8\" data-element_type=\"container\" data-settings=\"{&quot;content_width&quot;:&quot;boxed&quot;}\">\n\t\t\t\t\t<div class=\"e-con-inner\">\n\t\t\t\t<div class=\"elementor-element elementor-element-8e7dee2 jltma-glass-effect-no elementor-widget elementor-widget-heading\" data-id=\"8e7dee2\" data-element_type=\"widget\" data-widget_type=\"heading.default\">\n\t\t\t\t<div class=\"elementor-widget-container\">\n\t\t\t<style>\/*! elementor - v3.15.0 - 09-08-2023 *\/\n.elementor-heading-title{padding:0;margin:0;line-height:1}.elementor-widget-heading .elementor-heading-title[class*=elementor-size-]>a{color:inherit;font-size:inherit;line-height:inherit}.elementor-widget-heading .elementor-heading-title.elementor-size-small{font-size:15px}.elementor-widget-heading .elementor-heading-title.elementor-size-medium{font-size:19px}.elementor-widget-heading .elementor-heading-title.elementor-size-large{font-size:29px}.elementor-widget-heading .elementor-heading-title.elementor-size-xl{font-size:39px}.elementor-widget-heading .elementor-heading-title.elementor-size-xxl{font-size:59px}<\/style><h2 class=\"elementor-heading-title elementor-size-default\">A comunica\u00e7\u00e3o cada vez mais exige as compet\u00eancias que s\u00e3o nossa principal paix\u00e3o: o audiovisual. As redes sociais s\u00e3o cada vez mais orientadas \u00e0s mensagens audiovisuais e o consumo de imagens se estabeleceu como a op\u00e7\u00e3o primeira para leitura do mundo. Aqui na Storia, somos \u00e1vidos por traduzir com imagens a narrativa que sua marca deseja: web s\u00e9ries, document\u00e1rios, v\u00eddeos institucionais, comemorativos e publicit\u00e1rios, videografismo, anima\u00e7\u00e3o e v\u00eddeo p\u00edlulas para redes sociais e tudo mais que coloque sua marca em movimento \u00e9 nossa especialidade.  \n<\/h2>\t\t<\/div>\n\t\t\t\t<\/div>\n\t\t\t\t\t<\/div>\n\t\t\t\t<\/div>\n\t\t<div class=\"elementor-element elementor-element-66388d0 e-flex e-con-boxed e-con\" data-id=\"66388d0\" data-element_type=\"container\" data-settings=\"{&quot;content_width&quot;:&quot;boxed&quot;}\">\n\t\t\t\t\t<div class=\"e-con-inner\">\n\t\t\t\t<div class=\"elementor-element elementor-element-e887d13 elementor-align-center jltma-glass-effect-no elementor-widget elementor-widget-button\" data-id=\"e887d13\" data-element_type=\"widget\" data-widget_type=\"button.default\">\n\t\t\t\t<div class=\"elementor-widget-container\">\n\t\t\t\t\t<div class=\"elementor-button-wrapper\">\n\t\t\t<a class=\"elementor-button elementor-button-link elementor-size-sm\" href=\"https:\/\/storiabr.com\/pt\/#service\">\n\t\t\t\t\t\t<span class=\"elementor-button-content-wrapper\">\n\t\t\t\t\t\t<span class=\"elementor-button-text\">voltar<\/span>\n\t\t<\/span>\n\t\t\t\t\t<\/a>\n\t\t<\/div>\n\t\t\t\t<\/div>\n\t\t\t\t<\/div>\n\t\t\t\t\t<\/div>\n\t\t\t\t<\/div>\n\t\t\t\t\t\t\t<\/div>\n\t\t","protected":false},"excerpt":{"rendered":"<p>A comunica\u00e7\u00e3o cada vez mais exige as compet\u00eancias que s\u00e3o nossa principal paix\u00e3o: o audiovisual. As redes sociais s\u00e3o cada vez mais orientadas \u00e0s mensagens audiovisuais e o consumo de imagens se estabeleceu como a op\u00e7\u00e3o primeira para leitura do mundo. Aqui na Storia, somos \u00e1vidos por traduzir com imagens a narrativa que sua marca [&hellip;]<\/p>\n","protected":false},"author":1,"featured_media":0,"parent":0,"menu_order":0,"comment_status":"closed","ping_status":"closed","template":"","meta":{"footnotes":""},"class_list":["post-1027","page","type-page","status-publish","hentry"],"_links":{"self":[{"href":"https:\/\/storiabr.com\/pt\/wp-json\/wp\/v2\/pages\/1027","targetHints":{"allow":["GET"]}}],"collection":[{"href":"https:\/\/storiabr.com\/pt\/wp-json\/wp\/v2\/pages"}],"about":[{"href":"https:\/\/storiabr.com\/pt\/wp-json\/wp\/v2\/types\/page"}],"author":[{"embeddable":true,"href":"https:\/\/storiabr.com\/pt\/wp-json\/wp\/v2\/users\/1"}],"replies":[{"embeddable":true,"href":"https:\/\/storiabr.com\/pt\/wp-json\/wp\/v2\/comments?post=1027"}],"version-history":[{"count":25,"href":"https:\/\/storiabr.com\/pt\/wp-json\/wp\/v2\/pages\/1027\/revisions"}],"predecessor-version":[{"id":1717,"href":"https:\/\/storiabr.com\/pt\/wp-json\/wp\/v2\/pages\/1027\/revisions\/1717"}],"wp:attachment":[{"href":"https:\/\/storiabr.com\/pt\/wp-json\/wp\/v2\/media?parent=1027"}],"curies":[{"name":"wp","href":"https:\/\/api.w.org\/{rel}","templated":true}]}}