{"id":1500,"date":"2025-01-11T21:20:27","date_gmt":"2025-01-12T00:20:27","guid":{"rendered":"https:\/\/storiabr.com\/pt\/?page_id=1500"},"modified":"2025-01-12T17:14:58","modified_gmt":"2025-01-12T20:14:58","slug":"corporate_memory","status":"publish","type":"page","link":"https:\/\/storiabr.com\/pt\/corporate_memory\/","title":{"rendered":"Mem\u00f3ria Empresarial"},"content":{"rendered":"\t\t<div data-elementor-type=\"wp-page\" data-elementor-id=\"1500\" class=\"elementor elementor-1500\">\n\t\t\t\t\t\t\t<div class=\"elementor-element elementor-element-6c53bc8 e-flex e-con-boxed e-con\" data-id=\"6c53bc8\" data-element_type=\"container\" data-settings=\"{&quot;content_width&quot;:&quot;boxed&quot;}\">\n\t\t\t\t\t<div class=\"e-con-inner\">\n\t\t\t\t<div class=\"elementor-element elementor-element-8e7dee2 jltma-glass-effect-no elementor-widget elementor-widget-heading\" data-id=\"8e7dee2\" data-element_type=\"widget\" data-widget_type=\"heading.default\">\n\t\t\t\t<div class=\"elementor-widget-container\">\n\t\t\t<style>\/*! elementor - v3.15.0 - 09-08-2023 *\/\n.elementor-heading-title{padding:0;margin:0;line-height:1}.elementor-widget-heading .elementor-heading-title[class*=elementor-size-]>a{color:inherit;font-size:inherit;line-height:inherit}.elementor-widget-heading .elementor-heading-title.elementor-size-small{font-size:15px}.elementor-widget-heading .elementor-heading-title.elementor-size-medium{font-size:19px}.elementor-widget-heading .elementor-heading-title.elementor-size-large{font-size:29px}.elementor-widget-heading .elementor-heading-title.elementor-size-xl{font-size:39px}.elementor-widget-heading .elementor-heading-title.elementor-size-xxl{font-size:59px}<\/style><h2 class=\"elementor-heading-title elementor-size-default\">Contar hist\u00f3rias \u00e9 nossa voca\u00e7\u00e3o principal. Acreditamos que esse \u00e9 o \u00fanico caminho para envolver definitivamente o p\u00fablico com a sua marca ou produto, criando experi\u00eancias memor\u00e1veis a partir de conte\u00fados que emocionam e carregam a humanidade que h\u00e1 no DNA de cada marca. A mem\u00f3ria empresarial pode ser literatura, cinema, quadrinhos, eventos de ativa\u00e7\u00e3o de marca. Fazemos disso uma arte para que seja passado, presente e futuro. \n<\/h2>\t\t<\/div>\n\t\t\t\t<\/div>\n\t\t\t\t\t<\/div>\n\t\t\t\t<\/div>\n\t\t<div class=\"elementor-element elementor-element-66388d0 e-flex e-con-boxed e-con\" data-id=\"66388d0\" data-element_type=\"container\" data-settings=\"{&quot;content_width&quot;:&quot;boxed&quot;}\">\n\t\t\t\t\t<div class=\"e-con-inner\">\n\t\t\t\t<div class=\"elementor-element elementor-element-e887d13 elementor-align-center jltma-glass-effect-no elementor-widget elementor-widget-button\" data-id=\"e887d13\" data-element_type=\"widget\" data-widget_type=\"button.default\">\n\t\t\t\t<div class=\"elementor-widget-container\">\n\t\t\t\t\t<div class=\"elementor-button-wrapper\">\n\t\t\t<a class=\"elementor-button elementor-button-link elementor-size-sm\" href=\"https:\/\/storiabr.com\/pt\/#service\">\n\t\t\t\t\t\t<span class=\"elementor-button-content-wrapper\">\n\t\t\t\t\t\t<span class=\"elementor-button-text\">voltar<\/span>\n\t\t<\/span>\n\t\t\t\t\t<\/a>\n\t\t<\/div>\n\t\t\t\t<\/div>\n\t\t\t\t<\/div>\n\t\t\t\t\t<\/div>\n\t\t\t\t<\/div>\n\t\t<div class=\"elementor-element elementor-element-6d3e24c e-flex e-con-boxed e-con\" data-id=\"6d3e24c\" data-element_type=\"container\" data-settings=\"{&quot;content_width&quot;:&quot;boxed&quot;}\">\n\t\t\t\t\t<div class=\"e-con-inner\">\n\t\t\t\t\t<\/div>\n\t\t\t\t<\/div>\n\t\t\t\t\t\t\t<\/div>\n\t\t","protected":false},"excerpt":{"rendered":"<p>Contar hist\u00f3rias \u00e9 nossa voca\u00e7\u00e3o principal. Acreditamos que esse \u00e9 o \u00fanico caminho para envolver definitivamente o p\u00fablico com a sua marca ou produto, criando experi\u00eancias memor\u00e1veis a partir de conte\u00fados que emocionam e carregam a humanidade que h\u00e1 no DNA de cada marca. A mem\u00f3ria empresarial pode ser literatura, cinema, quadrinhos, eventos de ativa\u00e7\u00e3o [&hellip;]<\/p>\n","protected":false},"author":1,"featured_media":0,"parent":0,"menu_order":0,"comment_status":"closed","ping_status":"closed","template":"","meta":{"footnotes":""},"class_list":["post-1500","page","type-page","status-publish","hentry"],"_links":{"self":[{"href":"https:\/\/storiabr.com\/pt\/wp-json\/wp\/v2\/pages\/1500","targetHints":{"allow":["GET"]}}],"collection":[{"href":"https:\/\/storiabr.com\/pt\/wp-json\/wp\/v2\/pages"}],"about":[{"href":"https:\/\/storiabr.com\/pt\/wp-json\/wp\/v2\/types\/page"}],"author":[{"embeddable":true,"href":"https:\/\/storiabr.com\/pt\/wp-json\/wp\/v2\/users\/1"}],"replies":[{"embeddable":true,"href":"https:\/\/storiabr.com\/pt\/wp-json\/wp\/v2\/comments?post=1500"}],"version-history":[{"count":16,"href":"https:\/\/storiabr.com\/pt\/wp-json\/wp\/v2\/pages\/1500\/revisions"}],"predecessor-version":[{"id":1714,"href":"https:\/\/storiabr.com\/pt\/wp-json\/wp\/v2\/pages\/1500\/revisions\/1714"}],"wp:attachment":[{"href":"https:\/\/storiabr.com\/pt\/wp-json\/wp\/v2\/media?parent=1500"}],"curies":[{"name":"wp","href":"https:\/\/api.w.org\/{rel}","templated":true}]}}