{"id":1502,"date":"2025-01-11T22:01:53","date_gmt":"2025-01-12T01:01:53","guid":{"rendered":"https:\/\/storiabr.com\/pt\/?page_id=1502"},"modified":"2025-01-12T20:31:48","modified_gmt":"2025-01-12T23:31:48","slug":"content_production","status":"publish","type":"page","link":"https:\/\/storiabr.com\/pt\/content_production\/","title":{"rendered":"Brand Content"},"content":{"rendered":"\t\t<div data-elementor-type=\"wp-page\" data-elementor-id=\"1502\" class=\"elementor elementor-1502\">\n\t\t\t\t\t\t\t<div class=\"elementor-element elementor-element-6c53bc8 e-flex e-con-boxed e-con\" data-id=\"6c53bc8\" data-element_type=\"container\" data-settings=\"{&quot;content_width&quot;:&quot;boxed&quot;}\">\n\t\t\t\t\t<div class=\"e-con-inner\">\n\t\t\t\t<div class=\"elementor-element elementor-element-8e7dee2 jltma-glass-effect-no elementor-widget elementor-widget-heading\" data-id=\"8e7dee2\" data-element_type=\"widget\" data-widget_type=\"heading.default\">\n\t\t\t\t<div class=\"elementor-widget-container\">\n\t\t\t<style>\/*! elementor - v3.15.0 - 09-08-2023 *\/\n.elementor-heading-title{padding:0;margin:0;line-height:1}.elementor-widget-heading .elementor-heading-title[class*=elementor-size-]>a{color:inherit;font-size:inherit;line-height:inherit}.elementor-widget-heading .elementor-heading-title.elementor-size-small{font-size:15px}.elementor-widget-heading .elementor-heading-title.elementor-size-medium{font-size:19px}.elementor-widget-heading .elementor-heading-title.elementor-size-large{font-size:29px}.elementor-widget-heading .elementor-heading-title.elementor-size-xl{font-size:39px}.elementor-widget-heading .elementor-heading-title.elementor-size-xxl{font-size:59px}<\/style><h2 class=\"elementor-heading-title elementor-size-default\">Conte\u00fado \u00e9 tudo que cria identidade para sua marca. Pode ser um texto, um v\u00eddeo, um infogr\u00e1fico, uma foto, uma marca, uma ilustra\u00e7\u00e3o ou a forma como voc\u00ea e seus colaboradores dialogam com os diversos p\u00fablicos da empresa. Somos produtores de conte\u00fados para multiplataforma e nosso maior orgulho \u00e9 a capacidade \u2013 e a experi\u00eancia \u2013 em traduzir para qualquer m\u00eddia ou a\u00e7\u00e3o exatamente aquilo que sua marca \u00e9 e deseja comunicar. \n<\/h2>\t\t<\/div>\n\t\t\t\t<\/div>\n\t\t\t\t\t<\/div>\n\t\t\t\t<\/div>\n\t\t<div class=\"elementor-element elementor-element-66388d0 e-flex e-con-boxed e-con\" data-id=\"66388d0\" data-element_type=\"container\" data-settings=\"{&quot;content_width&quot;:&quot;boxed&quot;}\">\n\t\t\t\t\t<div class=\"e-con-inner\">\n\t\t\t\t<div class=\"elementor-element elementor-element-e887d13 elementor-align-center jltma-glass-effect-no elementor-widget elementor-widget-button\" data-id=\"e887d13\" data-element_type=\"widget\" data-widget_type=\"button.default\">\n\t\t\t\t<div class=\"elementor-widget-container\">\n\t\t\t\t\t<div class=\"elementor-button-wrapper\">\n\t\t\t<a class=\"elementor-button elementor-button-link elementor-size-sm\" href=\"https:\/\/storiabr.com\/pt\/#service\">\n\t\t\t\t\t\t<span class=\"elementor-button-content-wrapper\">\n\t\t\t\t\t\t<span class=\"elementor-button-text\">voltar<\/span>\n\t\t<\/span>\n\t\t\t\t\t<\/a>\n\t\t<\/div>\n\t\t\t\t<\/div>\n\t\t\t\t<\/div>\n\t\t\t\t\t<\/div>\n\t\t\t\t<\/div>\n\t\t\t\t\t\t\t<\/div>\n\t\t","protected":false},"excerpt":{"rendered":"<p>Conte\u00fado \u00e9 tudo que cria identidade para sua marca. Pode ser um texto, um v\u00eddeo, um infogr\u00e1fico, uma foto, uma marca, uma ilustra\u00e7\u00e3o ou a forma como voc\u00ea e seus colaboradores dialogam com os diversos p\u00fablicos da empresa. Somos produtores de conte\u00fados para multiplataforma e nosso maior orgulho \u00e9 a capacidade \u2013 e a experi\u00eancia [&hellip;]<\/p>\n","protected":false},"author":1,"featured_media":0,"parent":0,"menu_order":0,"comment_status":"closed","ping_status":"closed","template":"","meta":{"footnotes":""},"class_list":["post-1502","page","type-page","status-publish","hentry"],"_links":{"self":[{"href":"https:\/\/storiabr.com\/pt\/wp-json\/wp\/v2\/pages\/1502","targetHints":{"allow":["GET"]}}],"collection":[{"href":"https:\/\/storiabr.com\/pt\/wp-json\/wp\/v2\/pages"}],"about":[{"href":"https:\/\/storiabr.com\/pt\/wp-json\/wp\/v2\/types\/page"}],"author":[{"embeddable":true,"href":"https:\/\/storiabr.com\/pt\/wp-json\/wp\/v2\/users\/1"}],"replies":[{"embeddable":true,"href":"https:\/\/storiabr.com\/pt\/wp-json\/wp\/v2\/comments?post=1502"}],"version-history":[{"count":13,"href":"https:\/\/storiabr.com\/pt\/wp-json\/wp\/v2\/pages\/1502\/revisions"}],"predecessor-version":[{"id":1846,"href":"https:\/\/storiabr.com\/pt\/wp-json\/wp\/v2\/pages\/1502\/revisions\/1846"}],"wp:attachment":[{"href":"https:\/\/storiabr.com\/pt\/wp-json\/wp\/v2\/media?parent=1502"}],"curies":[{"name":"wp","href":"https:\/\/api.w.org\/{rel}","templated":true}]}}