{"id":1503,"date":"2025-01-11T22:11:44","date_gmt":"2025-01-12T01:11:44","guid":{"rendered":"https:\/\/storiabr.com\/pt\/?page_id=1503"},"modified":"2025-01-12T17:12:50","modified_gmt":"2025-01-12T20:12:50","slug":"corporate_communication","status":"publish","type":"page","link":"https:\/\/storiabr.com\/pt\/corporate_communication\/","title":{"rendered":"Comunica\u00e7\u00e3o Corporativa"},"content":{"rendered":"\t\t<div data-elementor-type=\"wp-page\" data-elementor-id=\"1503\" class=\"elementor elementor-1503\">\n\t\t\t\t\t\t\t<div class=\"elementor-element elementor-element-6c53bc8 e-flex e-con-boxed e-con\" data-id=\"6c53bc8\" data-element_type=\"container\" data-settings=\"{&quot;content_width&quot;:&quot;boxed&quot;}\">\n\t\t\t\t\t<div class=\"e-con-inner\">\n\t\t\t\t<div class=\"elementor-element elementor-element-8e7dee2 jltma-glass-effect-no elementor-widget elementor-widget-heading\" data-id=\"8e7dee2\" data-element_type=\"widget\" data-widget_type=\"heading.default\">\n\t\t\t\t<div class=\"elementor-widget-container\">\n\t\t\t<style>\/*! elementor - v3.15.0 - 09-08-2023 *\/\n.elementor-heading-title{padding:0;margin:0;line-height:1}.elementor-widget-heading .elementor-heading-title[class*=elementor-size-]>a{color:inherit;font-size:inherit;line-height:inherit}.elementor-widget-heading .elementor-heading-title.elementor-size-small{font-size:15px}.elementor-widget-heading .elementor-heading-title.elementor-size-medium{font-size:19px}.elementor-widget-heading .elementor-heading-title.elementor-size-large{font-size:29px}.elementor-widget-heading .elementor-heading-title.elementor-size-xl{font-size:39px}.elementor-widget-heading .elementor-heading-title.elementor-size-xxl{font-size:59px}<\/style><h2 class=\"elementor-heading-title elementor-size-default\">Na Comunica\u00e7\u00e3o Corporativa. usamos todas as habilidades de storytelling mais a compet\u00eancia em Planejamento Estrat\u00e9gico que a experi\u00eancia de mais de 20 anos atendendo grandes marcas nos proporcionou. Somos bons parceiros em encontrar solu\u00e7\u00f5es para desafios de comunica\u00e7\u00e3o em todas as \u00e1reas da empresa, desde Marketing e Gest\u00e3o de Pessoas \u00e0s \u00e1reas de Governan\u00e7a, Compliance e Relacionamento com Investidores. Consulte-nos sobre a possibilidade de apoiar sua empresa em estrat\u00e9gias de Comunica\u00e7\u00e3o\u00a0Integrada.<\/h2>\t\t<\/div>\n\t\t\t\t<\/div>\n\t\t\t\t\t<\/div>\n\t\t\t\t<\/div>\n\t\t<div class=\"elementor-element elementor-element-66388d0 e-flex e-con-boxed e-con\" data-id=\"66388d0\" data-element_type=\"container\" data-settings=\"{&quot;content_width&quot;:&quot;boxed&quot;}\">\n\t\t\t\t\t<div class=\"e-con-inner\">\n\t\t\t\t<div class=\"elementor-element elementor-element-e887d13 elementor-align-center jltma-glass-effect-no elementor-widget elementor-widget-button\" data-id=\"e887d13\" data-element_type=\"widget\" data-widget_type=\"button.default\">\n\t\t\t\t<div class=\"elementor-widget-container\">\n\t\t\t\t\t<div class=\"elementor-button-wrapper\">\n\t\t\t<a class=\"elementor-button elementor-button-link elementor-size-sm\" href=\"https:\/\/storiabr.com\/pt\/#service\">\n\t\t\t\t\t\t<span class=\"elementor-button-content-wrapper\">\n\t\t\t\t\t\t<span class=\"elementor-button-text\">voltar<\/span>\n\t\t<\/span>\n\t\t\t\t\t<\/a>\n\t\t<\/div>\n\t\t\t\t<\/div>\n\t\t\t\t<\/div>\n\t\t\t\t\t<\/div>\n\t\t\t\t<\/div>\n\t\t\t\t\t\t\t<\/div>\n\t\t","protected":false},"excerpt":{"rendered":"<p>Na Comunica\u00e7\u00e3o Corporativa. usamos todas as habilidades de storytelling mais a compet\u00eancia em Planejamento Estrat\u00e9gico que a experi\u00eancia de mais de 20 anos atendendo grandes marcas nos proporcionou. Somos bons parceiros em encontrar solu\u00e7\u00f5es para desafios de comunica\u00e7\u00e3o em todas as \u00e1reas da empresa, desde Marketing e Gest\u00e3o de Pessoas \u00e0s \u00e1reas de Governan\u00e7a, Compliance [&hellip;]<\/p>\n","protected":false},"author":1,"featured_media":0,"parent":0,"menu_order":0,"comment_status":"closed","ping_status":"closed","template":"","meta":{"footnotes":""},"class_list":["post-1503","page","type-page","status-publish","hentry"],"_links":{"self":[{"href":"https:\/\/storiabr.com\/pt\/wp-json\/wp\/v2\/pages\/1503","targetHints":{"allow":["GET"]}}],"collection":[{"href":"https:\/\/storiabr.com\/pt\/wp-json\/wp\/v2\/pages"}],"about":[{"href":"https:\/\/storiabr.com\/pt\/wp-json\/wp\/v2\/types\/page"}],"author":[{"embeddable":true,"href":"https:\/\/storiabr.com\/pt\/wp-json\/wp\/v2\/users\/1"}],"replies":[{"embeddable":true,"href":"https:\/\/storiabr.com\/pt\/wp-json\/wp\/v2\/comments?post=1503"}],"version-history":[{"count":10,"href":"https:\/\/storiabr.com\/pt\/wp-json\/wp\/v2\/pages\/1503\/revisions"}],"predecessor-version":[{"id":1711,"href":"https:\/\/storiabr.com\/pt\/wp-json\/wp\/v2\/pages\/1503\/revisions\/1711"}],"wp:attachment":[{"href":"https:\/\/storiabr.com\/pt\/wp-json\/wp\/v2\/media?parent=1503"}],"curies":[{"name":"wp","href":"https:\/\/api.w.org\/{rel}","templated":true}]}}